{"id":4448,"date":"2025-12-19T14:29:17","date_gmt":"2025-12-19T13:29:17","guid":{"rendered":"https:\/\/natuliquesuisse.ch\/?post_type=product&#038;p=4448"},"modified":"2026-02-20T12:56:39","modified_gmt":"2026-02-20T11:56:39","slug":"colore-della-scatola-ma","status":"publish","type":"product","link":"https:\/\/natuliquesuisse.ch\/it\/product\/ma-box-color\/","title":{"rendered":"MA BOX COLOR"},"content":{"rendered":"<h1>Ma Box Color Natulique - Proteggere e valorizzare i capelli colorati<\/h1>\n<p>La <strong>Colore scatola Scudo Natulique<\/strong> \u00e8 stato studiato appositamente per i capelli trattati con il colore. Protegge il colore, preserva la lucentezza e nutre i capelli grazie a ingredienti naturali e biologici certificati. Tratta i capelli in modo professionale, rispettando il cuoio capelluto e l'ambiente.<\/p>\n<h2>Contenuto e routine della cassetta Color Shield<\/h2>\n<h3>1. Shampoo Color Shield<\/h3>\n<p>Deterge delicatamente proteggendo il colore e donando lucentezza e morbidezza. Arricchito con estratti vegetali e oli essenziali, rafforza i capelli e prepara la fibra capillare ai trattamenti successivi.<\/p>\n<p><strong>Come si usa :<\/strong><\/p>\n<ul>\n<li>Applicare sui capelli bagnati.<\/li>\n<li>Massaggiare delicatamente il cuoio capelluto e le lunghezze.<\/li>\n<li>Sciacquare accuratamente con acqua tiepida.<\/li>\n<\/ul>\n<h3>2. Trattamento Color Shield<\/h3>\n<p>Un trattamento intensivo per capelli trattati con il colore che nutre in profondit\u00e0 e preserva la luminosit\u00e0 del colore. Ripara e rinforza la fibra capillare per capelli elastici e resistenti.<\/p>\n<p><strong>Come si usa :<\/strong><\/p>\n<ul>\n<li>Applicare sui capelli puliti e umidi.<\/li>\n<li>Lasciare agire per qualche minuto per una penetrazione ottimale.<\/li>\n<li>Risciacquare accuratamente.<\/li>\n<\/ul>\n<h3>3. Protezione termica e solare<\/h3>\n<p>Protegge i capelli colorati dal calore degli apparecchi per lo styling e dai raggi solari. Preserva l'intensit\u00e0 del colore e protegge dai danni ambientali.<\/p>\n<p><strong>Come si usa :<\/strong><\/p>\n<ul>\n<li>Vaporizzare uniformemente sui capelli umidi o asciutti prima dello styling.<\/li>\n<li>Pettinare per distribuire il prodotto.<\/li>\n<\/ul>\n<h2>I vantaggi di Ma Box Color Natulique<\/h2>\n<ul>\n<li>Protezione del colore efficace e di lunga durata.<\/li>\n<li>Idrata e nutre i capelli colorati.<\/li>\n<li>Lucentezza e morbidezza immediate.<\/li>\n<li>Riparazione dei danni causati dalla colorazione.<\/li>\n<li>Formula biologica che rispetta il cuoio capelluto e l'ambiente.<\/li>\n<\/ul>\n<h2>Il concetto di NATULIQUE<\/h2>\n<p>Volete scoprire i vantaggi di un salone 100% NATULIQUE? <a href=\"https:\/\/natulique.com\/fr\/concept-salon\/\" target=\"_blank\" rel=\"noopener\">Per saperne di pi\u00f9 sul concetto di fiera Natulique \u2192 (in francese)<\/a><\/p>\n<p>Scoprite ora il <strong>Scatola Colore Natulique<\/strong> e dare ai capelli trattati con il colore la cura che meritano per un colore vibrante e duraturo e per capelli sani e lucenti.<\/p>","protected":false},"excerpt":{"rendered":"<div class=\"flex flex-grow flex-col max-w-full\">\n<div class=\"min-h-[20px] text-message flex flex-col items-start whitespace-pre-wrap break-words [.text-message+&amp;]:mt-5 juice:w-full juice:items-end overflow-x-auto gap-2\" dir=\"auto\" data-message-author-role=\"assistant\" data-message-id=\"bd8f2618-9a4d-44ce-b3ae-2e14cac03852\">\n<div class=\"flex w-full flex-col gap-1 juice:empty:hidden juice:first:pt-[3px]\">\n<div class=\"markdown prose w-full break-words dark:prose-invert dark\">\n<h2>La Box Color Shied Natulique<\/h2>\n<p>C&#8217;est une solution compl\u00e8te pour prot\u00e9ger et revitaliser les cheveux color\u00e9s. Ce coffret de soins capillaires bio est sp\u00e9cialement con\u00e7u pour maintenir l&#8217;\u00e9clat et la vivacit\u00e9 des couleurs tout en nourrissant les cheveux en profondeur.<\/p>\n<p>Compos\u00e9e d&#8217;un shampoing, d&#8217;un apr\u00e8s-shampoing et d&#8217;une protection thermique et solaire, tous enrichis en ingr\u00e9dients naturels certifi\u00e9s bio, la box Color Shield renforce les fibres capillaires, prot\u00e8ge contre les agressions ext\u00e9rieures et pr\u00e9vient le ternissement de la couleur.<\/p>\n<p>Id\u00e9ale pour les professionnels de la coiffure et les particuliers soucieux de la sant\u00e9 de leurs cheveux et de l&#8217;environnement, cette box garantit des cheveux brillants, doux et durablement prot\u00e9g\u00e9s.<\/p>\n<p>Optez pour la box Color Shield de Natulique pour une routine capillaire alliant efficacit\u00e9 et respect de la nature.<\/p>\n<\/div>\n<\/div>\n<\/div>\n<\/div>\n<div class=\"mt-1 flex gap-3 empty:hidden juice:-ml-3\">\n<div class=\"items-center justify-start rounded-xl p-1 flex\">\n<div class=\"flex items-center\">\n<div class=\"flex\"><\/div>\n<div class=\"flex items-center pb-0.5 juice:pb-0\">\n<div class=\"[&amp;_svg]:h-full [&amp;_svg]:w-full icon-md h-4 w-4\"><\/div>\n<\/div>\n<\/div>\n<\/div>\n<\/div>\n","protected":false},"featured_media":4472,"template":"","meta":{"_acf_changed":false},"product_brand":[],"product_cat":[155],"product_tag":[156,164,157,158,159],"class_list":{"0":"post-4448","1":"product","2":"type-product","3":"status-publish","4":"has-post-thumbnail","6":"product_cat-box","7":"product_tag-apres-shampoings","8":"product_tag-colorations-capillaires-maison","9":"product_tag-produits-hydratants","10":"product_tag-produits-nourrissants","11":"product_tag-shampoings","13":"first","14":"instock","15":"taxable","16":"shipping-taxable","17":"purchasable","18":"product-type-composite","19":"layout-style-1","20":"col-md-4 col-sm-4 col-xs-6","21":"col-lg-1-5","22":"product-style-default"},"acf":[],"_links":{"self":[{"href":"https:\/\/natuliquesuisse.ch\/it\/wp-json\/wp\/v2\/product\/4448","targetHints":{"allow":["GET"]}}],"collection":[{"href":"https:\/\/natuliquesuisse.ch\/it\/wp-json\/wp\/v2\/product"}],"about":[{"href":"https:\/\/natuliquesuisse.ch\/it\/wp-json\/wp\/v2\/types\/product"}],"version-history":[{"count":2,"href":"https:\/\/natuliquesuisse.ch\/it\/wp-json\/wp\/v2\/product\/4448\/revisions"}],"predecessor-version":[{"id":8642,"href":"https:\/\/natuliquesuisse.ch\/it\/wp-json\/wp\/v2\/product\/4448\/revisions\/8642"}],"wp:featuredmedia":[{"embeddable":true,"href":"https:\/\/natuliquesuisse.ch\/it\/wp-json\/wp\/v2\/media\/4472"}],"wp:attachment":[{"href":"https:\/\/natuliquesuisse.ch\/it\/wp-json\/wp\/v2\/media?parent=4448"}],"wp:term":[{"taxonomy":"product_brand","embeddable":true,"href":"https:\/\/natuliquesuisse.ch\/it\/wp-json\/wp\/v2\/product_brand?post=4448"},{"taxonomy":"product_cat","embeddable":true,"href":"https:\/\/natuliquesuisse.ch\/it\/wp-json\/wp\/v2\/product_cat?post=4448"},{"taxonomy":"product_tag","embeddable":true,"href":"https:\/\/natuliquesuisse.ch\/it\/wp-json\/wp\/v2\/product_tag?post=4448"}],"curies":[{"name":"wp","href":"https:\/\/api.w.org\/{rel}","templated":true}]}}