{"id":6540,"date":"2024-10-04T10:24:36","date_gmt":"2024-10-04T08:24:36","guid":{"rendered":"https:\/\/natuliquesuisse.ch\/product\/hair-bond-masque-sans-rincage\/"},"modified":"2026-04-28T18:44:35","modified_gmt":"2026-04-28T16:44:35","slug":"hair-bond-maske-ohne-spulen","status":"publish","type":"product","link":"https:\/\/natuliquesuisse.ch\/de\/product\/hair-bond-masque-sans-rincage\/","title":{"rendered":"Hair Bond Maske ohne Aussp\u00fclen 150 ml"},"content":{"rendered":"<h1>Feuchtigkeitsspendende Maske ohne Aussp\u00fclen - Feuchtigkeit und Schutz f\u00fcr trockenes und gesch\u00e4digtes Haar<\/h1>\n<p>Entdecken Sie den <strong>Feuchtigkeitsspendende Maske ohne Aussp\u00fclen<\/strong>, ist die ideale Pflege f\u00fcr trockenes, strapaziertes und br\u00fcchiges Haar und verwandelt es in gesundes, gl\u00e4nzendes Haar. Die Maske ist mit zertifizierten Bio-Inhaltsstoffen angereichert und wirkt tiefenwirksam, um den Feuchtigkeitsgehalt wiederherzustellen, die Haarfaser zu st\u00e4rken und das Haar leichter k\u00e4mmbar zu machen.<\/p>\n<h2>Nat\u00fcrliche und bioaktive Inhaltsstoffe<\/h2>\n<ul>\n<li><strong>\u00d6l aus Brokkolisamen<\/strong> : N\u00e4hrt und verleiht nat\u00fcrlichen Glanz, ohne zu beschweren.<\/li>\n<li><strong>Jojoba\u00f6l<\/strong> : Spendet intensiv Feuchtigkeit und st\u00e4rkt die Haarfaser.<\/li>\n<li><strong>Extrakt aus Jasminbl\u00fcten<\/strong> : Verbessert die Elastizit\u00e4t und sch\u00fctzt vor Bruch.<\/li>\n<li><strong>Extrakt aus Hafersamen<\/strong> : Beruhigt die Kopfhaut und reduziert Spliss.<\/li>\n<\/ul>\n<h2>Schl\u00fcsselnutzen<\/h2>\n<ul>\n<li>Intensive und langanhaltende Feuchtigkeitsversorgung f\u00fcr <strong>trockenes Haar<\/strong>.<\/li>\n<li>Repariert gespaltene Haarspitzen und st\u00e4rkt die Haarfaser.<\/li>\n<li>Sch\u00fctzt vor \u00e4u\u00dferen Einfl\u00fcssen (Hitze, Umweltverschmutzung, Chemikalien).<\/li>\n<li>Verl\u00e4ngert die Haltbarkeit der Farbe und macht das Haar leichter k\u00e4mmbar.<\/li>\n<li>Leichte Formel, die nicht abgesp\u00fclt werden muss, f\u00fcr den t\u00e4glichen Gebrauch.<\/li>\n<\/ul>\n<h2>Warum sollten Sie sich f\u00fcr eine sp\u00fclrandlose Maske entscheiden?<\/h2>\n<p>Diese leichte, nicht fettende Maske wirkt wie ein echtes Feuchtigkeitsschild und verleiht jeder Str\u00e4hne Schutz und Glanz. Sie dringt dank ihres patentierten bioaktiven Komplexes in den Kortex des Haares ein, st\u00e4rkt die Haarfasern und beugt zuk\u00fcnftigem Haarbruch vor. So wird Ihr Haar Tag f\u00fcr Tag revitalisiert und strahlt vor Gesundheit.<\/p>\n<h2>Gebrauchsanweisung<\/h2>\n<p>Eine kleine Menge auf das handtuchtrockene oder trockene Haar auftragen und dabei besonders auf die L\u00e4ngen und Spitzen achten. Nicht aussp\u00fclen. Wie gewohnt frisieren. T\u00e4gliche Anwendung m\u00f6glich.<\/p>\n<p>G\u00f6nnen Sie Ihrem Haar die nat\u00fcrliche Pflege, die es verdient, mit dem <strong>Feuchtigkeitsspendende Maske ohne Aussp\u00fclen <\/strong> und genie\u00dfen Sie weiches, gl\u00e4nzendes und gesch\u00fctztes Haar.<\/p>","protected":false},"excerpt":{"rendered":"<p>Die <strong>MCCP Feuchtigkeitsspendende Maske ohne Aussp\u00fclen<\/strong> ist eine revolution\u00e4re Haarpflege, die entwickelt wurde, um trockenes, gesch\u00e4digtes und br\u00fcchiges Haar mit Feuchtigkeit zu versorgen, zu reparieren und zu sch\u00fctzen. Angereichert mit biologischen und nat\u00fcrlichen Inhaltsstoffen verwandelt sie das Haar sofort in glattes, gl\u00e4nzendes und leicht k\u00e4mmbares Haar, ohne zu verkleben oder zu beschweren.<\/p>","protected":false},"featured_media":6539,"template":"","meta":{"_acf_changed":false},"product_brand":[],"product_cat":[167],"product_tag":[],"class_list":{"0":"post-6540","1":"product","2":"type-product","3":"status-publish","4":"has-post-thumbnail","6":"product_cat-soin-capillaire","8":"first","9":"instock","10":"taxable","11":"shipping-taxable","12":"purchasable","13":"product-type-simple","14":"layout-style-1","15":"col-md-4 col-sm-4 col-xs-6","16":"col-lg-1-5","17":"product-style-default"},"acf":[],"_links":{"self":[{"href":"https:\/\/natuliquesuisse.ch\/de\/wp-json\/wp\/v2\/product\/6540","targetHints":{"allow":["GET"]}}],"collection":[{"href":"https:\/\/natuliquesuisse.ch\/de\/wp-json\/wp\/v2\/product"}],"about":[{"href":"https:\/\/natuliquesuisse.ch\/de\/wp-json\/wp\/v2\/types\/product"}],"version-history":[{"count":4,"href":"https:\/\/natuliquesuisse.ch\/de\/wp-json\/wp\/v2\/product\/6540\/revisions"}],"predecessor-version":[{"id":8631,"href":"https:\/\/natuliquesuisse.ch\/de\/wp-json\/wp\/v2\/product\/6540\/revisions\/8631"}],"wp:featuredmedia":[{"embeddable":true,"href":"https:\/\/natuliquesuisse.ch\/de\/wp-json\/wp\/v2\/media\/6539"}],"wp:attachment":[{"href":"https:\/\/natuliquesuisse.ch\/de\/wp-json\/wp\/v2\/media?parent=6540"}],"wp:term":[{"taxonomy":"product_brand","embeddable":true,"href":"https:\/\/natuliquesuisse.ch\/de\/wp-json\/wp\/v2\/product_brand?post=6540"},{"taxonomy":"product_cat","embeddable":true,"href":"https:\/\/natuliquesuisse.ch\/de\/wp-json\/wp\/v2\/product_cat?post=6540"},{"taxonomy":"product_tag","embeddable":true,"href":"https:\/\/natuliquesuisse.ch\/de\/wp-json\/wp\/v2\/product_tag?post=6540"}],"curies":[{"name":"wp","href":"https:\/\/api.w.org\/{rel}","templated":true}]}}