{"id":6437,"date":"2024-05-22T13:22:18","date_gmt":"2024-05-22T11:22:18","guid":{"rendered":"https:\/\/natuliquesuisse.ch\/product\/soin-cheveux-protection-couleur-2\/"},"modified":"2026-04-30T13:34:09","modified_gmt":"2026-04-30T11:34:09","slug":"haarpflege-farbschutz-2","status":"publish","type":"product","link":"https:\/\/natuliquesuisse.ch\/de\/product\/soin-cheveux-protection-couleur-2\/","title":{"rendered":"Color Shield Pflege"},"content":{"rendered":"<h1>Die Color Shield Pflege von Natulique: Schutz und \u00fcberlegene Pflege<\/h1>\n<p>In der anspruchsvollen Welt der Haarf\u00e4rbemittel ist der <strong>Pflege Color Shield von Natulique<\/strong> zeichnet sich als unverzichtbares Produkt f\u00fcr Profis und Privatpersonen aus, die sich um die Gesundheit und Sch\u00f6nheit ihres Haars sorgen. Es wurde formuliert, um den pH-Wert nach dem F\u00e4rben wieder ins Gleichgewicht zu bringen, und bietet Schutz und optimale Pflege. Angereichert mit Macadamia\u00f6l, Kamille und Seidenprotein, verbindet es Wirksamkeit und Nat\u00fcrlichkeit f\u00fcr ein au\u00dfergew\u00f6hnliches Ergebnis.<\/p>\n<h2>Eine angereicherte Formel f\u00fcr verfeinertes Haar<\/h2>\n<p>Die Color Shield Pflege zeichnet sich durch ihre reichhaltige Zusammensetzung aus, die sorgf\u00e4ltig ausgew\u00e4hlte Inhaltsstoffe enth\u00e4lt, die sich positiv auf die Haut auswirken.<\/p>\n<h3>Macadamia-\u00d6l<\/h3>\n<p>Reconnue pour ses propri\u00e9t\u00e9s hydratantes et nourrissantes, l\u2019huile de macadamia p\u00e9n\u00e8tre profond\u00e9ment dans la fibre capillaire. Elle hydrate intens\u00e9ment sans alourdir, renforce les cheveux et les prot\u00e8ge contre les agressions externes comme la chaleur ou les facteurs environnementaux.<\/p>\n<h3>Kamille<\/h3>\n<p>La camomille apaise et calme le cuir chevelu irrit\u00e9, souvent fragilis\u00e9 par la coloration. Elle contribue \u00e9galement \u00e0 l\u2019\u00e9clat des cheveux, leur conf\u00e9rant une brillance naturelle et saine.<\/p>\n<h3>Seidenprotein<\/h3>\n<p>La prot\u00e9ine de soie restructure et prot\u00e8ge les cheveux en formant une barri\u00e8re autour de chaque m\u00e8che. Elle scelle l\u2019hydratation, pr\u00e9vient les dommages futurs, et am\u00e9liore la texture, rendant les cheveux plus doux, lisses et faciles \u00e0 coiffer.<\/p>\n<h2>Wiederherstellung des pH-Gleichgewichts f\u00fcr gesundes Haar<\/h2>\n<p>Apr\u00e8s coloration, les cheveux peuvent perdre leur \u00e9quilibre naturel de pH, augmentant la porosit\u00e9 et la fragilit\u00e9. Le soin Color Shield r\u00e9\u00e9quilibre le pH, scelle les cuticules et prot\u00e8ge la couleur, maintenant l\u2019int\u00e9grit\u00e9 et la sant\u00e9 des cheveux color\u00e9s pour une couleur vibrante et durable.<\/p>\n<h2>Anwendung und Ergebnisse<\/h2>\n<p>Nach dem Aussp\u00fclen der Coloration gro\u00dfz\u00fcgig auf das handtuchtrockene Haar auftragen. Einmassieren, um das Haar gleichm\u00e4\u00dfig zu verteilen, besonders in den Spitzen und an geschw\u00e4chten Stellen. Einige Minuten einwirken lassen und anschlie\u00dfend gr\u00fcndlich aussp\u00fclen.<\/p>\n<p>Sofortige Ergebnisse: gl\u00e4nzenderes, weicheres und widerstandsf\u00e4higeres Haar, gesch\u00fctzte und verl\u00e4ngerte Haarfarbe, beruhigte Kopfhaut und ausgeglichenes Haar.<\/p>\n<h2>Revitalisierungsmittel BDMBD*.<\/h2>\n<p>Die NATULIQUE Color Shield Pflege enth\u00e4lt einen biologisch abbaubaren Komplex namens <strong>BDMBD<\/strong>, ist ein ultimativer Conditioner und Entwirrungsmittel. Geeignet nach dem F\u00e4rben, schlie\u00dft die Nagelhaut und sch\u00fctzt die Farbe. Im Gegensatz zu Bepentrimoniumchlorid ist es umweltfreundlich und verbessert die Haltbarkeit der Farbe. Im Salon getestet, ist es extrem sch\u00fctzend und f\u00f6rdert die Gesundheit des Haares.<\/p>\n<p><strong>Schl\u00fcsselpunkte :<\/strong><\/p>\n<ul>\n<li>Absolut kein Silikon<\/li>\n<li>Schutz und Pflege nach dem F\u00e4rben<\/li>\n<li>Biologisch abbaubare Formel BDMBD<\/li>\n<li>Verl\u00e4ngerte Farbe und gest\u00e4rktes Haar<\/li>\n<\/ul>","protected":false},"excerpt":{"rendered":"<div class=\"flex flex-grow flex-col max-w-full\">\n<div class=\"min-h-[20px] text-message flex flex-col items-start whitespace-pre-wrap break-words [.text-message+&amp;]:mt-5 juice:w-full juice:items-end overflow-x-auto gap-2\" dir=\"auto\" data-message-author-role=\"assistant\" data-message-id=\"6770e96f-0fdc-4a64-b4b6-4e5ab4c6132c\">\n<div class=\"flex w-full flex-col gap-1 juice:empty:hidden juice:first:pt-[3px]\">\n<div class=\"markdown prose w-full break-words dark:prose-invert dark\">\n<p>D\u00e9couvrez le soin Color Shield de Natulique, enrichi en huile de Macadamia, camomille et prot\u00e9ines de soie. Ce soin exceptionnel r\u00e9\u00e9quilibre le pH de vos cheveux apr\u00e8s une coloration, offrant une protection et une brillance in\u00e9gal\u00e9es. Parfait pour maintenir la sant\u00e9 et l&#8217;\u00e9clat des cheveux color\u00e9s, tout en les nourrissant en profondeur. Id\u00e9al pour les professionnels et les particuliers en qu\u00eate de produits capillaires bio de haute qualit\u00e9. Test\u00e9 et approuv\u00e9, il garantit des r\u00e9sultats visibles d\u00e8s la premi\u00e8re application. Disponible en Suisse, commandez d\u00e8s maintenant sur notre site pour une chevelure sublime et prot\u00e9g\u00e9e.<\/p>\n<\/div>\n<\/div>\n<\/div>\n<\/div>\n<ul style=\"text-align: left\">\n<li><strong>Ingr\u00e9dients Bio<\/strong><\/li>\n<li><strong>Vegan<\/strong><\/li>\n<li><strong>Qualit\u00e9 Pro<\/strong><\/li>\n<li><strong>Emballage Recyclable<\/strong><\/li>\n<\/ul>\n<p><img decoding=\"async\" class=\"wp-image-2406 aligncenter\" src=\"https:\/\/particulier.mccp-coiffure-bio.ch\/wp-content\/uploads\/2021\/01\/vegan-society-certification-300x242.png\" alt=\"\" width=\"214\" height=\"172\" \/><\/p>\n","protected":false},"featured_media":6435,"template":"","meta":{"_acf_changed":false},"product_brand":[],"product_cat":[167],"product_tag":[],"class_list":{"0":"post-6437","1":"product","2":"type-product","3":"status-publish","4":"has-post-thumbnail","6":"product_cat-soin-capillaire","8":"first","9":"instock","10":"taxable","11":"shipping-taxable","12":"purchasable","13":"product-type-variable","14":"has-default-attributes","15":"layout-style-1","16":"col-md-4 col-sm-4 col-xs-6","17":"col-lg-1-5","18":"product-has-gallery","19":"product-style-default"},"acf":[],"_links":{"self":[{"href":"https:\/\/natuliquesuisse.ch\/de\/wp-json\/wp\/v2\/product\/6437","targetHints":{"allow":["GET"]}}],"collection":[{"href":"https:\/\/natuliquesuisse.ch\/de\/wp-json\/wp\/v2\/product"}],"about":[{"href":"https:\/\/natuliquesuisse.ch\/de\/wp-json\/wp\/v2\/types\/product"}],"version-history":[{"count":3,"href":"https:\/\/natuliquesuisse.ch\/de\/wp-json\/wp\/v2\/product\/6437\/revisions"}],"predecessor-version":[{"id":8906,"href":"https:\/\/natuliquesuisse.ch\/de\/wp-json\/wp\/v2\/product\/6437\/revisions\/8906"}],"wp:featuredmedia":[{"embeddable":true,"href":"https:\/\/natuliquesuisse.ch\/de\/wp-json\/wp\/v2\/media\/6435"}],"wp:attachment":[{"href":"https:\/\/natuliquesuisse.ch\/de\/wp-json\/wp\/v2\/media?parent=6437"}],"wp:term":[{"taxonomy":"product_brand","embeddable":true,"href":"https:\/\/natuliquesuisse.ch\/de\/wp-json\/wp\/v2\/product_brand?post=6437"},{"taxonomy":"product_cat","embeddable":true,"href":"https:\/\/natuliquesuisse.ch\/de\/wp-json\/wp\/v2\/product_cat?post=6437"},{"taxonomy":"product_tag","embeddable":true,"href":"https:\/\/natuliquesuisse.ch\/de\/wp-json\/wp\/v2\/product_tag?post=6437"}],"curies":[{"name":"wp","href":"https:\/\/api.w.org\/{rel}","templated":true}]}}