{"id":6380,"date":"2024-05-22T10:55:58","date_gmt":"2024-05-22T08:55:58","guid":{"rendered":"https:\/\/natuliquesuisse.ch\/product\/coloration-maison-bio-naturigin\/"},"modified":"2026-04-28T10:57:40","modified_gmt":"2026-04-28T08:57:40","slug":"hausgemachte-bio-haarfarbe-naturigin","status":"publish","type":"product","link":"https:\/\/natuliquesuisse.ch\/de\/product\/coloration-maison-bio-naturigin\/","title":{"rendered":"Coloration Haus ohne Ammoniak - NATURIGIN 75 ml"},"content":{"rendered":"<h1><strong>Die f\u00fchrende Bio-Haushaltshaarfarbe in der Schweiz f\u00fcr Bio- und Hausfrisuren<\/strong><\/h1>\n<p>Dans un monde o\u00f9 la sant\u00e9 et l\u2019environnement sont au centre des pr\u00e9occupations, il est essentiel de choisir des produits respectueux de ces valeurs. <strong>Naturigin<\/strong> se distingue avec ses colorations maison bio, offrant une alternative saine et \u00e9cologique aux colorations traditionnelles. Bas\u00e9e en Suisse, Naturigin permet de r\u00e9aliser une coiffure bio \u00e0 domicile sans compromis sur la qualit\u00e9 ou l\u2019efficacit\u00e9.<\/p>\n<h3>Warum Naturigin f\u00fcr einen Bio-Haarschnitt w\u00e4hlen?<\/h3>\n<p>Les colorations maison Naturigin sont formul\u00e9es pour les consommateurs soucieux de leur sant\u00e9 et de l\u2019environnement. Compos\u00e9es d\u2019ingr\u00e9dients naturels certifi\u00e9s bio, elles sont sans ammoniaque, parab\u00e8nes ni sulfates. Cette approche prot\u00e8ge le cuir chevelu et respecte la nature, faisant de Naturigin le choix id\u00e9al pour une coloration bio en Suisse.<\/p>\n<h3>Eine Schweizer Bio-Haarfarbe, die zu Hause zug\u00e4nglich ist<\/h3>\n<p>Die Naturigin-Produkte sind f\u00fcr eine schnelle und einfache Anwendung zu Hause konzipiert und bieten lang anhaltende, strahlende professionelle Ergebnisse. So kann jeder m\u00fchelos sein selbstgemachtes Bio-Haarstyling umsetzen.<\/p>\n<h3>Das Naturigin Haus Colorations-Sortiment<\/h3>\n<p>Naturigin propose une large palette de nuances pour r\u00e9pondre \u00e0 tous les styles et pr\u00e9f\u00e9rences. Que vous souhaitiez couvrir des cheveux gris ou changer de look, chaque couleur, \u00e0 base de pigments naturels et d\u2019extraits de plantes, est vibrante, nourrissante et protectrice pour les cheveux.<\/p>\n<h3>Die Vorteile einer hausgemachten Bio-Haarfarbe<\/h3>\n<p>Les ingr\u00e9dients naturels aident \u00e0 maintenir la sant\u00e9 du cuir chevelu et des cheveux, r\u00e9duisant les irritations et les r\u00e9actions allergiques. En \u00e9vitant les produits chimiques agressifs, vous participez \u00e9galement \u00e0 la protection de l\u2019environnement, pour une beaut\u00e9 durable et responsable.<\/p>\n<h3>L\u2019Engagement de Naturigin en Mati\u00e8re de Durabilit\u00e9<\/h3>\n<p>Naturigin s\u2019engage dans des pratiques durables : emballages recyclables et processus de fabrication \u00e0 faible impact environnemental. Choisir Naturigin, c\u2019est soutenir une entreprise respectueuse de la nature tout en b\u00e9n\u00e9ficiant de produits s\u00fbrs et performants.<\/p>\n<h3>Eine ethische Wahl f\u00fcr eine verantwortungsvolle Sch\u00f6nheit<\/h3>\n<p>Opter pour une coloration maison bio Naturigin, c\u2019est faire un choix \u00e9thique et conscient. Vous soutenez des pratiques \u00e9cologiques et utilisez des ingr\u00e9dients bio certifi\u00e9s, un geste pour la plan\u00e8te et pour votre bien-\u00eatre. Cette d\u00e9marche est de plus en plus recherch\u00e9e par les consommateurs suisses.<\/p>\n<h3>Schlussfolgerung<\/h3>\n<p>Naturigin repr\u00e9sente l\u2019excellence de la coloration bio en Suisse. Formulations naturelles, facilit\u00e9 d\u2019utilisation \u00e0 domicile et engagement fort envers la durabilit\u00e9 font de cette marque le choix id\u00e9al pour une coiffure saine, \u00e9cologique et sublime. Adoptez Naturigin pour une beaut\u00e9 qui respecte votre sant\u00e9 et la plan\u00e8te.<\/p>\n<p>Mehr \u00fcber die Naturigin-F\u00e4rbung : <a href=\"https:\/\/naturigin.com\/collections\/natural-hair-colour\" target=\"_blank\" rel=\"noopener\">https:\/\/naturigin.com\/collections\/natural-hair-colour<\/a><\/p>","protected":false},"excerpt":{"rendered":"<h2 style=\"text-align: left\">Entdecken Sie die hausgemachte Haarfarbe Naturigin<\/h2>\n<p style=\"text-align: left\">Bio- und umweltfreundliche Haarf\u00e4rbemittel, die einfach anzuwenden sind und eine vibrierende, lang anhaltende Farbe garantieren.<\/p>\n<p>Naturigin-Produkte bieten eine Auswahl von 19 permanenten Farbt\u00f6nen, die den Farbbed\u00fcrfnissen aller Menschen gerecht werden, die sich Sorgen um Chemikalien machen. .<\/p>\n<p style=\"text-align: left\">Ideal f\u00fcr Privatpersonen, die auf der Suche nach gesunden und umweltfreundlichen Produkten sind.<\/p>\n<p style=\"text-align: left\">Bestellen Sie auf unserer Website und profitieren Sie von einer schnellen Lieferung in die Schweiz. Entdecken Sie die nat\u00fcrliche Sch\u00f6nheit Ihres Haares mit Naturigin<\/p>\n<ul style=\"text-align: left\">\n<li><strong>Bio-Zutaten<\/strong><\/li>\n<li><strong>Vegan<\/strong><\/li>\n<li><strong>Pro-Qualit\u00e4t<\/strong><\/li>\n<li><strong>Recycelbare Verpackung<\/strong><\/li>\n<\/ul>\n<p><img decoding=\"async\" class=\"wp-image-2406 aligncenter\" src=\"https:\/\/particulier.mccp-coiffure-bio.ch\/wp-content\/uploads\/2021\/01\/vegan-society-certification-300x242.png\" alt=\"\" width=\"214\" height=\"172\" \/><\/p>","protected":false},"featured_media":6373,"template":"","meta":{"_acf_changed":false},"product_brand":[],"product_cat":[163],"product_tag":[],"class_list":{"0":"post-6380","1":"product","2":"type-product","3":"status-publish","4":"has-post-thumbnail","6":"product_cat-colorations-naturelles","8":"first","9":"instock","10":"taxable","11":"shipping-taxable","12":"purchasable","13":"product-type-variable","14":"layout-style-1","15":"col-md-4 col-sm-4 col-xs-6","16":"col-lg-1-5","17":"product-has-gallery","18":"product-style-default"},"acf":[],"_links":{"self":[{"href":"https:\/\/natuliquesuisse.ch\/de\/wp-json\/wp\/v2\/product\/6380","targetHints":{"allow":["GET"]}}],"collection":[{"href":"https:\/\/natuliquesuisse.ch\/de\/wp-json\/wp\/v2\/product"}],"about":[{"href":"https:\/\/natuliquesuisse.ch\/de\/wp-json\/wp\/v2\/types\/product"}],"version-history":[{"count":6,"href":"https:\/\/natuliquesuisse.ch\/de\/wp-json\/wp\/v2\/product\/6380\/revisions"}],"predecessor-version":[{"id":8901,"href":"https:\/\/natuliquesuisse.ch\/de\/wp-json\/wp\/v2\/product\/6380\/revisions\/8901"}],"wp:featuredmedia":[{"embeddable":true,"href":"https:\/\/natuliquesuisse.ch\/de\/wp-json\/wp\/v2\/media\/6373"}],"wp:attachment":[{"href":"https:\/\/natuliquesuisse.ch\/de\/wp-json\/wp\/v2\/media?parent=6380"}],"wp:term":[{"taxonomy":"product_brand","embeddable":true,"href":"https:\/\/natuliquesuisse.ch\/de\/wp-json\/wp\/v2\/product_brand?post=6380"},{"taxonomy":"product_cat","embeddable":true,"href":"https:\/\/natuliquesuisse.ch\/de\/wp-json\/wp\/v2\/product_cat?post=6380"},{"taxonomy":"product_tag","embeddable":true,"href":"https:\/\/natuliquesuisse.ch\/de\/wp-json\/wp\/v2\/product_tag?post=6380"}],"curies":[{"name":"wp","href":"https:\/\/api.w.org\/{rel}","templated":true}]}}